{"id":47286,"date":"2022-01-13T12:24:03","date_gmt":"2022-01-13T11:24:03","guid":{"rendered":"https:\/\/parndorffashionoutlet.com\/winter-sports\/"},"modified":"2023-06-12T14:36:01","modified_gmt":"2023-06-12T12:36:01","slug":"winter-sports","status":"publish","type":"page","link":"https:\/\/parndorffashionoutlet.com\/en\/winter-sports\/","title":{"rendered":"WINTER SPORTS"},"content":{"rendered":"\n<p class=\"has-text-align-center\"><strong>Entdecke unsere Top-Wintersportmarken zu unfassbar g\u00fcnstigen Preisen und sichere dir jetzt dein Pistenoutfit!<\/strong><\/p>\n\n\n\n<p><\/p>\n\n\n\n<div class=\"wp-block-columns is-layout-flex wp-container-core-columns-is-layout-9d6595d7 wp-block-columns-is-layout-flex\">\n<div class=\"wp-block-column is-layout-flow wp-block-column-is-layout-flow\" style=\"flex-basis:33.33%\">\n<figure class=\"wp-block-image size-full\"><img loading=\"lazy\" decoding=\"async\" width=\"1000\" height=\"1000\" src=\"https:\/\/parndorffashionoutlet.com\/wp-content\/uploads\/2022\/01\/Schoeffel_Parndorf_Allg_SoMe_1000x1000px.jpg\" alt=\"\" class=\"wp-image-19724\" srcset=\"https:\/\/parndorffashionoutlet.com\/wp-content\/uploads\/2022\/01\/Schoeffel_Parndorf_Allg_SoMe_1000x1000px.jpg 1000w, https:\/\/parndorffashionoutlet.com\/wp-content\/uploads\/2022\/01\/Schoeffel_Parndorf_Allg_SoMe_1000x1000px-300x300.jpg 300w, https:\/\/parndorffashionoutlet.com\/wp-content\/uploads\/2022\/01\/Schoeffel_Parndorf_Allg_SoMe_1000x1000px-150x150.jpg 150w, https:\/\/parndorffashionoutlet.com\/wp-content\/uploads\/2022\/01\/Schoeffel_Parndorf_Allg_SoMe_1000x1000px-768x768.jpg 768w, https:\/\/parndorffashionoutlet.com\/wp-content\/uploads\/2022\/01\/Schoeffel_Parndorf_Allg_SoMe_1000x1000px-400x400.jpg 400w\" sizes=\"auto, (max-width: 1000px) 100vw, 1000px\" \/><\/figure>\n<\/div>\n\n\n\n<div class=\"wp-block-column is-layout-flow wp-block-column-is-layout-flow\" style=\"flex-basis:66.66%\">\n<p><\/p>\n\n\n\n<p class=\"has-text-align-center\"><strong><em><span style=\"color:#305b6e\" class=\"has-inline-color\">SCH\u00d6FFEL<\/span><\/em><\/strong><\/p>\n\n\n\n<p>Der Name Sch\u00f6ffel steht seit mehr als 200 Jahren f\u00fcr Qualit\u00e4t, Verl\u00e4sslichkeit und Innovation. Mit dem Claim \u201eIch bin raus\u201c unterstreicht die Marke ihren Anspruch als hochwertiger Bekleider f\u00fcr ambitionierte Amateure, die ihre Freizeit gerne in der Natur verbringen und daf\u00fcr qualitativ erstklassige und zuverl\u00e4ssige Premium-Bekleidung suchen. Nachhaltiges und soziales Wirtschaften sowohl im eigenen Unternehmen als auch bei den Produktionspartnern weltweit ist Teil der Sch\u00f6ffel-DNA. <\/p>\n<\/div>\n<\/div>\n\n\n\n<div class=\"wp-block-columns is-layout-flex wp-container-core-columns-is-layout-9d6595d7 wp-block-columns-is-layout-flex\">\n<div class=\"wp-block-column is-layout-flow wp-block-column-is-layout-flow\" style=\"flex-basis:66.66%\">\n<p><\/p>\n\n\n\n<p class=\"has-text-align-center\"><strong><em><span style=\"color:#305b6e\" class=\"has-inline-color\">TRESPASS<\/span><\/em><\/strong><\/p>\n\n\n\n<p>Das Familienunternehmen Trespass wurde 1984 in Schottland gegr\u00fcndet. Die Produkte werden in \u00fcber 60 L\u00e4nder exportiert. Die Firma legt sehr viel Wert auf Design, Funktionalit\u00e4t und Haltbarkeit. Diese Philosophie von Trespass gew\u00e4hrt Tragekomfort sowie gr\u00f6\u00dftm\u00f6glichen Schutz f\u00fcr Sportler und die ganze Familie. Sei es im Urlaub, am Strand, in den Bergen oder auch in der Freizeit beim Spazierengehen. Trespass ist einer der erfolgreichsten Marken im Outdoor-Kleidungs Bereich. Angefangen von Fleecejacken, Skibekleidung, bis hin zu Wander- und Sport Bekleidung findest du alles was du f\u00fcr die Bewegung in der Natur ben\u00f6tigst.<\/p>\n\n\n\n<p><\/p>\n<\/div>\n\n\n\n<div class=\"wp-block-column is-layout-flow wp-block-column-is-layout-flow\" style=\"flex-basis:33.33%\">\n<figure class=\"wp-block-image size-large\"><img loading=\"lazy\" decoding=\"async\" width=\"810\" height=\"808\" src=\"https:\/\/parndorffashionoutlet.com\/wp-content\/uploads\/2022\/01\/Isaac_Kristoff_Asuka_Renko_Magnetic_Deimos_DLX-5-edited.jpg\" alt=\"\" class=\"wp-image-19726\" srcset=\"https:\/\/parndorffashionoutlet.com\/wp-content\/uploads\/2022\/01\/Isaac_Kristoff_Asuka_Renko_Magnetic_Deimos_DLX-5-edited.jpg 810w, https:\/\/parndorffashionoutlet.com\/wp-content\/uploads\/2022\/01\/Isaac_Kristoff_Asuka_Renko_Magnetic_Deimos_DLX-5-edited-300x300.jpg 300w, https:\/\/parndorffashionoutlet.com\/wp-content\/uploads\/2022\/01\/Isaac_Kristoff_Asuka_Renko_Magnetic_Deimos_DLX-5-edited-150x150.jpg 150w, https:\/\/parndorffashionoutlet.com\/wp-content\/uploads\/2022\/01\/Isaac_Kristoff_Asuka_Renko_Magnetic_Deimos_DLX-5-edited-768x766.jpg 768w, https:\/\/parndorffashionoutlet.com\/wp-content\/uploads\/2022\/01\/Isaac_Kristoff_Asuka_Renko_Magnetic_Deimos_DLX-5-edited-400x400.jpg 400w\" sizes=\"auto, (max-width: 810px) 100vw, 810px\" \/><\/figure>\n<\/div>\n<\/div>\n\n\n\n<div class=\"wp-block-columns is-layout-flex wp-container-core-columns-is-layout-9d6595d7 wp-block-columns-is-layout-flex\">\n<div class=\"wp-block-column is-layout-flow wp-block-column-is-layout-flow\" style=\"flex-basis:33.33%\">\n<figure class=\"wp-block-image size-full\"><img loading=\"lazy\" decoding=\"async\" width=\"532\" height=\"533\" src=\"https:\/\/parndorffashionoutlet.com\/wp-content\/uploads\/2022\/01\/Final-Sale-edited.jpg\" alt=\"\" class=\"wp-image-19728\" srcset=\"https:\/\/parndorffashionoutlet.com\/wp-content\/uploads\/2022\/01\/Final-Sale-edited.jpg 532w, https:\/\/parndorffashionoutlet.com\/wp-content\/uploads\/2022\/01\/Final-Sale-edited-300x300.jpg 300w, https:\/\/parndorffashionoutlet.com\/wp-content\/uploads\/2022\/01\/Final-Sale-edited-150x150.jpg 150w, https:\/\/parndorffashionoutlet.com\/wp-content\/uploads\/2022\/01\/Final-Sale-edited-400x400.jpg 400w\" sizes=\"auto, (max-width: 532px) 100vw, 532px\" \/><\/figure>\n<\/div>\n\n\n\n<div class=\"wp-block-column is-layout-flow wp-block-column-is-layout-flow\" style=\"flex-basis:66.66%\">\n<p class=\"has-text-align-center\"> <strong><em><span style=\"color:#305b6e\" class=\"has-inline-color\">REGATTA<\/span><\/em><\/strong><\/p>\n\n\n\n<p class=\"has-text-align-left\"><br>Hinter der Regatta-Gruppe steht ein im Jahre 1981 gegr\u00fcndetes, familiengef\u00fchrtes Unternehmen mit Hauptsitz in England\/Manchester. Das Familienunternehmen exportiert weltweit in \u00fcber 40 L\u00e4nder. W\u00e4hrend der letzten Jahre hat sich Regatta zu einem der f\u00fchrenden europ\u00e4ischen Markenhersteller im Bereich Outdoor-Bekleidung entwickelt. Mit dem Multi-Trendsport-Label Dare 2b, verf\u00fcgt die Marke \u00fcber ein \u00e4u\u00dferst vielseitiges Winter- und Sommer-Angebot f\u00fcr Damen, Herren und Kinder. Im Winter tritt dare2b mit verschiedenen Kollektionen auf und richtet sich an alle Adrenalin-Mountainsport-Fans. Die Kollektionen unterteilen sich in Ski Sport und Free Ski. <\/p>\n<\/div>\n<\/div>\n\n\n\n<div class=\"wp-block-columns is-layout-flex wp-container-core-columns-is-layout-9d6595d7 wp-block-columns-is-layout-flex\">\n<div class=\"wp-block-column is-layout-flow wp-block-column-is-layout-flow\" style=\"flex-basis:66.66%\">\n<p><\/p>\n\n\n\n<p class=\"has-text-align-center\"> <strong><em><span style=\"color:#305b6e\" class=\"has-inline-color\">iFLOW<\/span><\/em><\/strong><\/p>\n\n\n\n<p>Die 2012 gegr\u00fcndete iFLOW GmbH ist ein internationales Unternehmen aus Vorarlberg\/\u00d6sterreich, dessen Kernkompetenzen auf Sportbekleidung und Hardgoods liegen. Jahrelange Erfahrung in der Outdoor- und Sport Branche, kombiniert mit fachspezifischen Kompetenzen und neuesten Technologiestandards flie\u00dfen in die innovativen iFLOW Produkte ein. Der Fokus liegt dabei auf einzigartigem Design und Qualit\u00e4t zu einem fairen Preis. Die Produkte tragen das Pr\u00e4dikat \u201eAustrian Design&#8221;. <\/p>\n<\/div>\n\n\n\n<div class=\"wp-block-column is-layout-flow wp-block-column-is-layout-flow\" style=\"flex-basis:33.33%\">\n<figure class=\"wp-block-image size-large\"><img loading=\"lazy\" decoding=\"async\" width=\"1278\" height=\"1280\" src=\"https:\/\/parndorffashionoutlet.com\/wp-content\/uploads\/2022\/01\/iFLOW14317-edited.jpg\" alt=\"\" class=\"wp-image-19730\" srcset=\"https:\/\/parndorffashionoutlet.com\/wp-content\/uploads\/2022\/01\/iFLOW14317-edited.jpg 1278w, https:\/\/parndorffashionoutlet.com\/wp-content\/uploads\/2022\/01\/iFLOW14317-edited-300x300.jpg 300w, https:\/\/parndorffashionoutlet.com\/wp-content\/uploads\/2022\/01\/iFLOW14317-edited-1022x1024.jpg 1022w, https:\/\/parndorffashionoutlet.com\/wp-content\/uploads\/2022\/01\/iFLOW14317-edited-150x150.jpg 150w, https:\/\/parndorffashionoutlet.com\/wp-content\/uploads\/2022\/01\/iFLOW14317-edited-768x769.jpg 768w, https:\/\/parndorffashionoutlet.com\/wp-content\/uploads\/2022\/01\/iFLOW14317-edited-400x400.jpg 400w\" sizes=\"auto, (max-width: 1278px) 100vw, 1278px\" \/><\/figure>\n<\/div>\n<\/div>\n\n\n\n<div class=\"wp-block-columns is-layout-flex wp-container-core-columns-is-layout-9d6595d7 wp-block-columns-is-layout-flex\">\n<div class=\"wp-block-column is-layout-flow wp-block-column-is-layout-flow\" style=\"flex-basis:33.33%\">\n<figure class=\"wp-block-image size-large\"><img loading=\"lazy\" decoding=\"async\" width=\"1278\" height=\"1280\" src=\"https:\/\/parndorffashionoutlet.com\/wp-content\/uploads\/2022\/01\/QS_2019_Snow_ForeverJacket_MathieuCrepel_Baldface_Miller-6919-edited.jpg\" alt=\"\" class=\"wp-image-19745\" srcset=\"https:\/\/parndorffashionoutlet.com\/wp-content\/uploads\/2022\/01\/QS_2019_Snow_ForeverJacket_MathieuCrepel_Baldface_Miller-6919-edited.jpg 1278w, https:\/\/parndorffashionoutlet.com\/wp-content\/uploads\/2022\/01\/QS_2019_Snow_ForeverJacket_MathieuCrepel_Baldface_Miller-6919-edited-300x300.jpg 300w, https:\/\/parndorffashionoutlet.com\/wp-content\/uploads\/2022\/01\/QS_2019_Snow_ForeverJacket_MathieuCrepel_Baldface_Miller-6919-edited-1022x1024.jpg 1022w, https:\/\/parndorffashionoutlet.com\/wp-content\/uploads\/2022\/01\/QS_2019_Snow_ForeverJacket_MathieuCrepel_Baldface_Miller-6919-edited-150x150.jpg 150w, https:\/\/parndorffashionoutlet.com\/wp-content\/uploads\/2022\/01\/QS_2019_Snow_ForeverJacket_MathieuCrepel_Baldface_Miller-6919-edited-768x769.jpg 768w, https:\/\/parndorffashionoutlet.com\/wp-content\/uploads\/2022\/01\/QS_2019_Snow_ForeverJacket_MathieuCrepel_Baldface_Miller-6919-edited-400x400.jpg 400w\" sizes=\"auto, (max-width: 1278px) 100vw, 1278px\" \/><\/figure>\n<\/div>\n\n\n\n<div class=\"wp-block-column is-layout-flow wp-block-column-is-layout-flow\" style=\"flex-basis:66.66%\">\n<p><strong><em><span style=\"color:#305b6e\" class=\"has-inline-color\">QUIKSILVER &#8211; ROXY &#8211; DC<\/span><\/em><\/strong><\/p>\n\n\n\n<p>Leidenschaft, Inspiration, Authentizit\u00e4t und Innovation stehen f\u00fcr alles, was Quiksilver initiiert. Leidenschaft f\u00fcr alle, die es schon im Morgengrauen auf die Piste zieht. Authentizit\u00e4t f\u00fcr alle, die genauso leidenschaftlich bei der Sache sind wie wir. Innovation f\u00fcr alle, die im Angesicht der Herausforderung inspiriert sind. Seit der ersten Boardshort hat das Unternehmen die Bandbreite seiner Produkte stetig erweitert: Inzwischen gibt es Streetwear f\u00fcr Sommer und Winter, Funktions- Bekleidung und Hardware f\u00fcr die Bereiche Surfen, Ski und Snow.<\/p>\n\n\n\n<p>Entdecken Sie im QUIKSILVER Outlet Parndorf die vielseitigen und trendigen Kollektionen f\u00fcr junge M\u00e4nner und Frauen sowie die Marken Roxy und DC.<\/p>\n<\/div>\n<\/div>\n\n\n\n<figure class=\"wp-block-gallery columns-0 is-cropped wp-block-gallery-1 is-layout-flex wp-block-gallery-is-layout-flex\"><ul class=\"blocks-gallery-grid\"><\/ul><\/figure>\n","protected":false},"excerpt":{"rendered":"<p>Entdecke unsere Top-Wintersportmarken zu unfassbar g\u00fcnstigen Preisen und sichere dir jetzt dein Pistenoutfit! SCH\u00d6FFEL Der Name Sch\u00f6ffel steht seit mehr als 200 Jahren f\u00fcr Qualit\u00e4t, Verl\u00e4sslichkeit und Innovation. Mit dem Claim \u201eIch bin raus\u201c unterstreicht die Marke ihren Anspruch als hochwertiger Bekleider f\u00fcr ambitionierte Amateure, die ihre Freizeit gerne in der Natur verbringen und daf\u00fcr [&#8230;]<\/p>\n<p><a class=\"btn btn-secondary understrap-read-more-link\" href=\"https:\/\/parndorffashionoutlet.com\/en\/winter-sports\/\">Read More&#8230;<span class=\"screen-reader-text\"> from WINTER SPORTS<\/span><\/a><\/p>\n","protected":false},"author":5,"featured_media":0,"parent":0,"menu_order":0,"comment_status":"closed","ping_status":"closed","template":"","meta":{"_acf_changed":false,"inline_featured_image":false,"footnotes":""},"class_list":["post-47286","page","type-page","status-publish","hentry"],"acf":{"subheadline":null},"aioseo_notices":[],"publishpress_future_workflow_manual_trigger":{"enabledWorkflows":[]},"_links":{"self":[{"href":"https:\/\/parndorffashionoutlet.com\/en\/wp-json\/wp\/v2\/pages\/47286","targetHints":{"allow":["GET"]}}],"collection":[{"href":"https:\/\/parndorffashionoutlet.com\/en\/wp-json\/wp\/v2\/pages"}],"about":[{"href":"https:\/\/parndorffashionoutlet.com\/en\/wp-json\/wp\/v2\/types\/page"}],"author":[{"embeddable":true,"href":"https:\/\/parndorffashionoutlet.com\/en\/wp-json\/wp\/v2\/users\/5"}],"replies":[{"embeddable":true,"href":"https:\/\/parndorffashionoutlet.com\/en\/wp-json\/wp\/v2\/comments?post=47286"}],"version-history":[{"count":5,"href":"https:\/\/parndorffashionoutlet.com\/en\/wp-json\/wp\/v2\/pages\/47286\/revisions"}],"predecessor-version":[{"id":47458,"href":"https:\/\/parndorffashionoutlet.com\/en\/wp-json\/wp\/v2\/pages\/47286\/revisions\/47458"}],"wp:attachment":[{"href":"https:\/\/parndorffashionoutlet.com\/en\/wp-json\/wp\/v2\/media?parent=47286"}],"curies":[{"name":"wp","href":"https:\/\/api.w.org\/{rel}","templated":true}]}}